{"id":1434,"date":"2025-12-12T11:43:50","date_gmt":"2025-12-12T10:43:50","guid":{"rendered":"https:\/\/bendelarosa.com\/ec\/?page_id=1434"},"modified":"2025-12-12T11:43:51","modified_gmt":"2025-12-12T10:43:51","slug":"aviso-legal","status":"publish","type":"page","link":"https:\/\/bendelarosa.com\/ec\/aviso-legal\/","title":{"rendered":"Aviso legal"},"content":{"rendered":"<style>.kb-row-layout-id1434_65be6b-57 > .kt-row-column-wrap{align-content:start;}:where(.kb-row-layout-id1434_65be6b-57 > .kt-row-column-wrap) > .wp-block-kadence-column{justify-content:start;}.kb-row-layout-id1434_65be6b-57 > .kt-row-column-wrap{column-gap:var(--global-kb-gap-md, 2rem);row-gap:var(--global-kb-gap-md, 2rem);max-width:var( --global-content-width, 1290px );padding-left:var(--global-content-edge-padding);padding-right:var(--global-content-edge-padding);padding-top:var(--global-kb-spacing-xxl, 5rem);padding-bottom:var(--global-kb-spacing-xxl, 5rem);grid-template-columns:minmax(0, 1fr);}.kb-row-layout-id1434_65be6b-57{background-image:url('https:\/\/bendelarosa.com\/ec\/wp-content\/uploads\/sites\/2\/2025\/12\/Image-5-1.jpeg');background-size:cover;background-position:50% 50%;background-attachment:scroll;background-repeat:no-repeat;}.kb-row-layout-id1434_65be6b-57 > .kt-row-layout-overlay{opacity:0.60;background-color:var(--global-palette9, #ffffff);}@media all and (max-width: 1024px){.kb-row-layout-id1434_65be6b-57 > .kt-row-column-wrap{grid-template-columns:minmax(0, 1fr);}}@media all and (max-width: 767px){.kb-row-layout-id1434_65be6b-57 > .kt-row-column-wrap{padding-top:var(--global-kb-spacing-xxl, 5rem);padding-right:var(--global-kb-spacing-xs, 1rem);padding-left:var(--global-kb-spacing-xs, 1rem);grid-template-columns:minmax(0, 1fr);}}<\/style><div class=\"kb-row-layout-wrap kb-row-layout-id1434_65be6b-57 alignfull has-theme-palette8-background-color kt-row-has-bg wp-block-kadence-rowlayout\"><div class=\"kt-row-layout-overlay kt-row-overlay-normal\"><\/div><div class=\"kt-row-column-wrap kt-has-1-columns kt-row-layout-equal kt-tab-layout-inherit kt-mobile-layout-row kt-row-valign-top kb-theme-content-width\">\n<style>.kadence-column1434_97708b-14 > .kt-inside-inner-col{display:flex;}.kadence-column1434_97708b-14 > .kt-inside-inner-col{padding-bottom:0px;}.kadence-column1434_97708b-14 > .kt-inside-inner-col,.kadence-column1434_97708b-14 > .kt-inside-inner-col:before{border-top-left-radius:0px;border-top-right-radius:0px;border-bottom-right-radius:0px;border-bottom-left-radius:0px;}.kadence-column1434_97708b-14 > .kt-inside-inner-col{column-gap:var(--global-kb-gap-sm, 1rem);}.kadence-column1434_97708b-14 > .kt-inside-inner-col{flex-direction:column;justify-content:flex-start;}.kadence-column1434_97708b-14 > .kt-inside-inner-col > .aligncenter{width:100%;}.kt-row-column-wrap > .kadence-column1434_97708b-14{align-self:flex-start;}.kt-inner-column-height-full:not(.kt-has-1-columns) > .wp-block-kadence-column.kadence-column1434_97708b-14{align-self:auto;}.kt-inner-column-height-full:not(.kt-has-1-columns) > .wp-block-kadence-column.kadence-column1434_97708b-14 > .kt-inside-inner-col{flex-direction:column;justify-content:flex-start;}.kadence-column1434_97708b-14 > .kt-inside-inner-col:before{opacity:0.3;}.kadence-column1434_97708b-14{text-align:center;}.kadence-column1434_97708b-14{position:relative;}.kadence-column1434_97708b-14, .kt-inside-inner-col > .kadence-column1434_97708b-14:not(.specificity){margin-bottom:0px;}@media all and (max-width: 1024px){.kt-row-column-wrap > .kadence-column1434_97708b-14{align-self:flex-start;}}@media all and (max-width: 1024px){.kt-inner-column-height-full:not(.kt-has-1-columns) > .wp-block-kadence-column.kadence-column1434_97708b-14{align-self:auto;}}@media all and (max-width: 1024px){.kt-inner-column-height-full:not(.kt-has-1-columns) > .wp-block-kadence-column.kadence-column1434_97708b-14 > .kt-inside-inner-col{flex-direction:column;justify-content:flex-start;}}@media all and (max-width: 1024px){.kadence-column1434_97708b-14 > .kt-inside-inner-col{flex-direction:column;justify-content:flex-start;}}@media all and (max-width: 767px){.kt-row-column-wrap > .kadence-column1434_97708b-14{align-self:flex-start;}.kt-inner-column-height-full:not(.kt-has-1-columns) > .wp-block-kadence-column.kadence-column1434_97708b-14{align-self:auto;}.kt-inner-column-height-full:not(.kt-has-1-columns) > .wp-block-kadence-column.kadence-column1434_97708b-14 > .kt-inside-inner-col{flex-direction:column;justify-content:flex-start;}.kadence-column1434_97708b-14 > .kt-inside-inner-col{flex-direction:column;justify-content:flex-start;}}<\/style>\n<div class=\"wp-block-kadence-column kadence-column1434_97708b-14 kb-section-dir-vertical inner-column-2\"><div class=\"kt-inside-inner-col\"><style>.wp-block-kadence-advancedheading.kt-adv-heading1434_929df2-92, .wp-block-kadence-advancedheading.kt-adv-heading1434_929df2-92[data-kb-block=\"kb-adv-heading1434_929df2-92\"]{padding-top:0px;padding-bottom:var(--global-kb-spacing-sm, 1.5rem);margin-top:0px;margin-bottom:0px;font-size:var(--global-kb-font-size-xxl, 4rem);line-height:1;font-style:normal;}.wp-block-kadence-advancedheading.kt-adv-heading1434_929df2-92 mark.kt-highlight, .wp-block-kadence-advancedheading.kt-adv-heading1434_929df2-92[data-kb-block=\"kb-adv-heading1434_929df2-92\"] mark.kt-highlight{font-style:normal;color:#f76a0c;-webkit-box-decoration-break:clone;box-decoration-break:clone;padding-top:0px;padding-right:0px;padding-bottom:0px;padding-left:0px;}.wp-block-kadence-advancedheading.kt-adv-heading1434_929df2-92 img.kb-inline-image, .wp-block-kadence-advancedheading.kt-adv-heading1434_929df2-92[data-kb-block=\"kb-adv-heading1434_929df2-92\"] img.kb-inline-image{width:150px;vertical-align:baseline;}<\/style>\n<h2 class=\"kt-adv-heading1434_929df2-92 wp-block-kadence-advancedheading has-theme-palette-3-color has-text-color\" data-kb-block=\"kb-adv-heading1434_929df2-92\">Aviso legal<\/h2>\n<\/div><\/div>\n\n<\/div><\/div>\n\n\n<div style=\"height:30px\" aria-hidden=\"true\" class=\"wp-block-spacer\"><\/div>\n\n\n\n<h2 class=\"wp-block-heading\">Aviso legal<\/h2>\n\n\n\n<p>Angaben gem\u00e4\u00df \u00a7 5 TMG<br>Operador de este sitio web:<\/p>\n\n\n\n<p>Bernd Michael Banchon de la Rosa<br>c\/o Block Services<br>Stuttgarter Str. 106<br>70736 Fellbach<br>Deutschland<\/p>\n\n\n\n<p>Tel\u00e9fono: +49 15679 139086<\/p>\n\n\n\n<p>Correo electr\u00f3nico: delarosa@gmx.us<\/p>\n\n\n\n<h3 class=\"wp-block-heading\">Responsable del contenido seg\u00fan el art\u00edculo 18, apartado 2, del Tratado sobre servicios de medios audiovisuales (MStV)<\/h3>\n\n\n\n<p>Bernd Michael Banchon de la Rosa<br>c\/o Block Services<br>Stuttgarter Str. 106<br>70736 Fellbach<br>Deustchland<\/p>\n\n\n\n<p>Tel\u00e9fono: +49 15679 139086<br>Correo electr\u00f3nico: delarosa@gmx.us<\/p>\n","protected":false},"excerpt":{"rendered":"<p>Aviso legal Aviso legal Angaben gem\u00e4\u00df \u00a7 5 TMGOperador de este sitio web: Bernd Michael Banchon de la Rosac\/o Block ServicesStuttgarter Str. 10670736 FellbachDeutschland Tel\u00e9fono: +49 15679 139086 Correo electr\u00f3nico: delarosa@gmx.us Responsable del contenido seg\u00fan el art\u00edculo 18, apartado 2, del Tratado sobre servicios de medios audiovisuales (MStV) Bernd Michael Banchon de la Rosac\/o Block&#8230;<\/p>\n","protected":false},"author":1,"featured_media":0,"parent":0,"menu_order":0,"comment_status":"closed","ping_status":"closed","template":"","meta":{"_seopress_robots_primary_cat":"","_seopress_titles_title":"","_seopress_titles_desc":"","_seopress_robots_index":"","_kad_blocks_custom_css":"","_kad_blocks_head_custom_js":"","_kad_blocks_body_custom_js":"","_kad_blocks_footer_custom_js":"","_kadence_starter_templates_imported_post":false,"_kad_post_transparent":"","_kad_post_title":"","_kad_post_layout":"","_kad_post_sidebar_id":"","_kad_post_content_style":"","_kad_post_vertical_padding":"","_kad_post_feature":"","_kad_post_feature_position":"","_kad_post_header":false,"_kad_post_footer":false,"_kad_post_classname":"","footnotes":""},"class_list":["post-1434","page","type-page","status-publish","hentry"],"taxonomy_info":[],"featured_image_src_large":false,"author_info":{"display_name":"Ben Delarosa","author_link":"https:\/\/bendelarosa.com\/ec\/author\/cap_ec_jfk384jfurewq\/"},"comment_info":"","_links":{"self":[{"href":"https:\/\/bendelarosa.com\/ec\/wp-json\/wp\/v2\/pages\/1434","targetHints":{"allow":["GET"]}}],"collection":[{"href":"https:\/\/bendelarosa.com\/ec\/wp-json\/wp\/v2\/pages"}],"about":[{"href":"https:\/\/bendelarosa.com\/ec\/wp-json\/wp\/v2\/types\/page"}],"author":[{"embeddable":true,"href":"https:\/\/bendelarosa.com\/ec\/wp-json\/wp\/v2\/users\/1"}],"replies":[{"embeddable":true,"href":"https:\/\/bendelarosa.com\/ec\/wp-json\/wp\/v2\/comments?post=1434"}],"version-history":[{"count":1,"href":"https:\/\/bendelarosa.com\/ec\/wp-json\/wp\/v2\/pages\/1434\/revisions"}],"predecessor-version":[{"id":1435,"href":"https:\/\/bendelarosa.com\/ec\/wp-json\/wp\/v2\/pages\/1434\/revisions\/1435"}],"wp:attachment":[{"href":"https:\/\/bendelarosa.com\/ec\/wp-json\/wp\/v2\/media?parent=1434"}],"curies":[{"name":"wp","href":"https:\/\/api.w.org\/{rel}","templated":true}]}}