{"id":1412,"date":"2025-12-11T10:11:28","date_gmt":"2025-12-11T09:11:28","guid":{"rendered":"https:\/\/bendelarosa.com\/ec\/?page_id=1412"},"modified":"2025-12-11T19:28:20","modified_gmt":"2025-12-11T18:28:20","slug":"inicio-2","status":"publish","type":"page","link":"https:\/\/bendelarosa.com\/ec\/","title":{"rendered":"Inicio"},"content":{"rendered":"<style>.kb-row-layout-id1412_f6f0aa-fb > .kt-row-column-wrap{align-content:start;}:where(.kb-row-layout-id1412_f6f0aa-fb > .kt-row-column-wrap) > .wp-block-kadence-column{justify-content:start;}.kb-row-layout-id1412_f6f0aa-fb > .kt-row-column-wrap{column-gap:var(--global-kb-gap-md, 2rem);row-gap:var(--global-kb-gap-md, 2rem);max-width:var( --global-content-width, 1290px );padding-left:var(--global-content-edge-padding);padding-right:var(--global-content-edge-padding);padding-top:var(--global-kb-spacing-xxl, 5rem);padding-bottom:var(--global-kb-spacing-xxl, 5rem);grid-template-columns:minmax(0, 1fr);}.kb-row-layout-id1412_f6f0aa-fb{background-image:url('https:\/\/bendelarosa.com\/ec\/wp-content\/uploads\/sites\/2\/2025\/12\/Ben-Delarosa-Ecuador-Pragmatico-y-autodidacta.jpg');background-size:cover;background-position:52% 44%;background-attachment:scroll;background-repeat:no-repeat;}.kb-row-layout-id1412_f6f0aa-fb > .kt-row-layout-overlay{opacity:0.60;background-color:var(--global-palette9, #ffffff);}@media all and (max-width: 1024px){.kb-row-layout-id1412_f6f0aa-fb > .kt-row-column-wrap{grid-template-columns:minmax(0, 1fr);}}@media all and (max-width: 767px){.kb-row-layout-id1412_f6f0aa-fb > .kt-row-column-wrap{padding-top:var(--global-kb-spacing-xxl, 5rem);padding-right:var(--global-kb-spacing-xs, 1rem);padding-left:var(--global-kb-spacing-xs, 1rem);grid-template-columns:minmax(0, 1fr);}}<\/style><div class=\"kb-row-layout-wrap kb-row-layout-id1412_f6f0aa-fb alignfull has-theme-palette8-background-color kt-row-has-bg wp-block-kadence-rowlayout\"><div class=\"kt-row-layout-overlay kt-row-overlay-normal\"><\/div><div class=\"kt-row-column-wrap kt-has-1-columns kt-row-layout-equal kt-tab-layout-inherit kt-mobile-layout-row kt-row-valign-top kb-theme-content-width\">\n<style>.kadence-column1412_8600c6-9d > .kt-inside-inner-col{display:flex;}.kadence-column1412_8600c6-9d > .kt-inside-inner-col{padding-bottom:0px;}.kadence-column1412_8600c6-9d > .kt-inside-inner-col,.kadence-column1412_8600c6-9d > .kt-inside-inner-col:before{border-top-left-radius:0px;border-top-right-radius:0px;border-bottom-right-radius:0px;border-bottom-left-radius:0px;}.kadence-column1412_8600c6-9d > .kt-inside-inner-col{column-gap:var(--global-kb-gap-sm, 1rem);}.kadence-column1412_8600c6-9d > .kt-inside-inner-col{flex-direction:column;justify-content:flex-start;}.kadence-column1412_8600c6-9d > .kt-inside-inner-col > .aligncenter{width:100%;}.kt-row-column-wrap > .kadence-column1412_8600c6-9d{align-self:flex-start;}.kt-inner-column-height-full:not(.kt-has-1-columns) > .wp-block-kadence-column.kadence-column1412_8600c6-9d{align-self:auto;}.kt-inner-column-height-full:not(.kt-has-1-columns) > .wp-block-kadence-column.kadence-column1412_8600c6-9d > .kt-inside-inner-col{flex-direction:column;justify-content:flex-start;}.kadence-column1412_8600c6-9d > .kt-inside-inner-col:before{opacity:0.3;}.kadence-column1412_8600c6-9d{text-align:center;}.kadence-column1412_8600c6-9d{position:relative;}.kadence-column1412_8600c6-9d, .kt-inside-inner-col > .kadence-column1412_8600c6-9d:not(.specificity){margin-bottom:0px;}@media all and (max-width: 1024px){.kt-row-column-wrap > .kadence-column1412_8600c6-9d{align-self:flex-start;}}@media all and (max-width: 1024px){.kt-inner-column-height-full:not(.kt-has-1-columns) > .wp-block-kadence-column.kadence-column1412_8600c6-9d{align-self:auto;}}@media all and (max-width: 1024px){.kt-inner-column-height-full:not(.kt-has-1-columns) > .wp-block-kadence-column.kadence-column1412_8600c6-9d > .kt-inside-inner-col{flex-direction:column;justify-content:flex-start;}}@media all and (max-width: 1024px){.kadence-column1412_8600c6-9d > .kt-inside-inner-col{flex-direction:column;justify-content:flex-start;}}@media all and (max-width: 767px){.kt-row-column-wrap > .kadence-column1412_8600c6-9d{align-self:flex-start;}.kt-inner-column-height-full:not(.kt-has-1-columns) > .wp-block-kadence-column.kadence-column1412_8600c6-9d{align-self:auto;}.kt-inner-column-height-full:not(.kt-has-1-columns) > .wp-block-kadence-column.kadence-column1412_8600c6-9d > .kt-inside-inner-col{flex-direction:column;justify-content:flex-start;}.kadence-column1412_8600c6-9d > .kt-inside-inner-col{flex-direction:column;justify-content:flex-start;}}<\/style>\n<div class=\"wp-block-kadence-column kadence-column1412_8600c6-9d kb-section-dir-vertical inner-column-2\"><div class=\"kt-inside-inner-col\"><style>.wp-block-kadence-advancedheading.kt-adv-heading1412_e6aa1e-0c, .wp-block-kadence-advancedheading.kt-adv-heading1412_e6aa1e-0c[data-kb-block=\"kb-adv-heading1412_e6aa1e-0c\"]{padding-top:0px;padding-bottom:var(--global-kb-spacing-sm, 1.5rem);margin-top:0px;margin-bottom:0px;font-size:var(--global-kb-font-size-xxl, 4rem);line-height:1;font-style:normal;}.wp-block-kadence-advancedheading.kt-adv-heading1412_e6aa1e-0c mark.kt-highlight, .wp-block-kadence-advancedheading.kt-adv-heading1412_e6aa1e-0c[data-kb-block=\"kb-adv-heading1412_e6aa1e-0c\"] mark.kt-highlight{font-style:normal;color:#f76a0c;-webkit-box-decoration-break:clone;box-decoration-break:clone;padding-top:0px;padding-right:0px;padding-bottom:0px;padding-left:0px;}.wp-block-kadence-advancedheading.kt-adv-heading1412_e6aa1e-0c img.kb-inline-image, .wp-block-kadence-advancedheading.kt-adv-heading1412_e6aa1e-0c[data-kb-block=\"kb-adv-heading1412_e6aa1e-0c\"] img.kb-inline-image{width:150px;vertical-align:baseline;}<\/style>\n<h2 class=\"kt-adv-heading1412_e6aa1e-0c wp-block-kadence-advancedheading has-theme-palette-3-color has-text-color\" data-kb-block=\"kb-adv-heading1412_e6aa1e-0c\">Ben Delarosa<\/h2>\n\n\n<style>.wp-block-kadence-advancedheading.kt-adv-heading1412_bf78fb-18, .wp-block-kadence-advancedheading.kt-adv-heading1412_bf78fb-18[data-kb-block=\"kb-adv-heading1412_bf78fb-18\"]{max-width:584px;margin-right:auto;margin-left:auto;padding-top:0px;padding-bottom:var(--global-kb-spacing-sm, 1.5rem);margin-top:0px;margin-bottom:0px;text-align:center;font-style:normal;}.wp-block-kadence-advancedheading.kt-adv-heading1412_bf78fb-18 mark.kt-highlight, .wp-block-kadence-advancedheading.kt-adv-heading1412_bf78fb-18[data-kb-block=\"kb-adv-heading1412_bf78fb-18\"] mark.kt-highlight{font-style:normal;color:#f76a0c;-webkit-box-decoration-break:clone;box-decoration-break:clone;padding-top:0px;padding-right:0px;padding-bottom:0px;padding-left:0px;}.wp-block-kadence-advancedheading.kt-adv-heading1412_bf78fb-18 img.kb-inline-image, .wp-block-kadence-advancedheading.kt-adv-heading1412_bf78fb-18[data-kb-block=\"kb-adv-heading1412_bf78fb-18\"] img.kb-inline-image{width:150px;vertical-align:baseline;}<\/style>\n<p class=\"kt-adv-heading1412_bf78fb-18 wp-block-kadence-advancedheading has-theme-palette-4-color has-text-color\" data-kb-block=\"kb-adv-heading1412_bf78fb-18\">En bendelarosa.com descubrir\u00e1s todo sobre Ben Delarosa, un autodidacta y pragm\u00e1tico, as\u00ed como sus experiencias en Ecuador y otros pa\u00edses que le han marcado.<\/p>\n<\/div><\/div>\n\n<\/div><\/div>\n\n\n<div style=\"height:30px\" aria-hidden=\"true\" class=\"wp-block-spacer\"><\/div>\n\n\n\n<h2 class=\"wp-block-heading\"><strong>Ben Delarosa: autodidacta, pragm\u00e1tico y estudioso de las culturas.<\/strong><\/h2>\n\n\n\n<h3 class=\"wp-block-heading\"><strong>\u00bfQu\u00e9 hay aqu\u00ed realmente?<\/strong><\/h3>\n\n\n\n<p>En este sitio web, bendelarosa.com, podr\u00e1s conocer a Ben Delarosa, un autodidacta y pragm\u00e1tico, as\u00ed como su antigua patria adoptiva, Ecuador, y muchos otros pa\u00edses en los que ha residido.<\/p>\n\n\n\n<div class=\"wp-block-columns is-layout-flex wp-container-core-columns-is-layout-9d6595d7 wp-block-columns-is-layout-flex\">\n<div class=\"wp-block-column is-layout-flow wp-block-column-is-layout-flow\" style=\"flex-basis:33.33%\"><style>.kb-image1412_23d52d-57.kb-image-is-ratio-size, .kb-image1412_23d52d-57 .kb-image-is-ratio-size{max-width:400px;width:100%;}.wp-block-kadence-column > .kt-inside-inner-col > .kb-image1412_23d52d-57.kb-image-is-ratio-size, .wp-block-kadence-column > .kt-inside-inner-col > .kb-image1412_23d52d-57 .kb-image-is-ratio-size{align-self:unset;}.kb-image1412_23d52d-57{max-width:400px;}.image-is-svg.kb-image1412_23d52d-57{-webkit-flex:0 1 100%;flex:0 1 100%;}.image-is-svg.kb-image1412_23d52d-57 img{width:100%;}.kb-image1412_23d52d-57 .kb-image-has-overlay:after{opacity:0.3;}<\/style>\n<figure class=\"wp-block-kadence-image kb-image1412_23d52d-57 size-full\"><img loading=\"lazy\" decoding=\"async\" width=\"500\" height=\"500\" src=\"https:\/\/bendelarosa.com\/ec\/wp-content\/uploads\/sites\/2\/2025\/12\/Ben-Delarosa-en-la-Republica-del-Ecuador.jpg\" alt=\"Ben Delarosa En La Rep\u00fablica Del Ecuador\" class=\"kb-img wp-image-1427\" title=\"Ben Delarosa En La Rep\u00fablica Del Ecuador\" srcset=\"https:\/\/bendelarosa.com\/ec\/wp-content\/uploads\/sites\/2\/2025\/12\/Ben-Delarosa-en-la-Republica-del-Ecuador.jpg 500w, https:\/\/bendelarosa.com\/ec\/wp-content\/uploads\/sites\/2\/2025\/12\/Ben-Delarosa-en-la-Republica-del-Ecuador-300x300.jpg 300w, https:\/\/bendelarosa.com\/ec\/wp-content\/uploads\/sites\/2\/2025\/12\/Ben-Delarosa-en-la-Republica-del-Ecuador-150x150.jpg 150w\" sizes=\"auto, (max-width: 500px) 100vw, 500px\" \/><figcaption>Ben Delarosa En La Rep\u00fablica Del Ecuador<\/figcaption><\/figure>\n<\/div>\n\n\n\n<div class=\"wp-block-column is-layout-flow wp-block-column-is-layout-flow\" style=\"flex-basis:66.66%\">\n<h3 class=\"wp-block-heading\">Ecuador<\/h3>\n\n\n\n<p>De 2011 a 2016 viv\u00ed en Ecuador, un pa\u00eds de singular belleza, m\u00e1s concretamente en su ciudad m\u00e1s grande, Guayaquil. Guayaquil. Esos cinco a\u00f1os marcaron mi vida. Fueron cinco a\u00f1os llenos de experiencias, historias, retos, personas incre\u00edbles y profundos lazos afectivos. Aparte de los problemas que hay en todos los pa\u00edses del mundo, all\u00ed fui completamente feliz.<\/p>\n\n\n\n<p>En aquel entonces sol\u00eda decir: \u00abSi Dios quiere, Ecuador ser\u00e1 la \u00faltima parada de mi vida\u00bb.<\/p>\n\n\n\n<p>Pero a veces las cosas no salen como se planean. Hoy vuelvo a vivir en Alemania y tengo que adaptarme de nuevo, tanto en lo profesional como en lo personal. Sin embargo, Ecuador sigue siendo parte de m\u00ed y gran parte de lo que hago hoy est\u00e1 marcado por esos a\u00f1os.<\/p>\n<\/div>\n<\/div>\n\n\n\n<p>En este sitio web presento mi vida, mis viajes, mis proyectos y mi visi\u00f3n de las diferentes culturas de nuestro planeta. Es posible que en alg\u00fan momento tambi\u00e9n a\u00f1ada algunos relatos cortos. Dejar\u00e9 que esta p\u00e1gina crezca poco a poco, sin tener un plan fijo. A veces, simplemente hay que escribir para comprenderlo.<\/p>\n\n\n\n<p>Una cosa es segura: un sitio web nunca est\u00e1 terminado.<\/p>\n\n\n\n<p>Se actualiza, ampl\u00eda, redise\u00f1a y se le a\u00f1aden im\u00e1genes continuamente. Por lo tanto, siempre vale la pena echarle un vistazo.<\/p>\n\n\n\n<h3 class=\"wp-block-heading\"><strong>Ben Delarosa: autodidacta y pragm\u00e1tico<\/strong><\/h3>\n\n\n\n<p>Nunca he cre\u00eddo que el conocimiento se pueda adquirir exclusivamente a trav\u00e9s de los libros o la escuela. La vida misma siempre ha sido mi mejor maestra. Aprendo observando, cuestionando, experimentando, cometiendo errores y volviendo a empezar. Me dedico intensamente a las cosas hasta que realmente las entiendo.<\/p>\n\n\n\n<p><strong>Como autodidacta, esto significa para m\u00ed que debo seguir form\u00e1ndome de manera aut\u00f3noma e independiente.<\/strong><\/p>\n\n\n\n<ul class=\"wp-block-list\">\n<li>Aprender de manera libre e independiente<\/li>\n\n\n\n<li>Obtener conocimientos a partir de la experiencia.<\/li>\n\n\n\n<li>No quiero depender de las estructuras cl\u00e1sicas.<\/li>\n\n\n\n<li>Entender el mundo como un espacio abierto de aprendizaje.<\/li>\n<\/ul>\n\n\n\n<p><strong>Soy pragm\u00e1tico. Eso significa:<\/strong><\/p>\n\n\n\n<ul class=\"wp-block-list\">\n<li>Claridad en lugar de complejidad.<\/li>\n\n\n\n<li>Soluciones que funcionan.<\/li>\n\n\n\n<li>La atenci\u00f3n se centra en lo esencial.<\/li>\n\n\n\n<li>Actuar en lugar de pensar demasiado.<\/li>\n<\/ul>\n\n\n\n<p>Esta interacci\u00f3n sigue marcando mi personalidad hasta el d\u00eda de hoy, ya que ha influido mucho en mi desarrollo y ha moldeado mi personalidad.<\/p>\n\n\n\n<h3 class=\"wp-block-heading\"><strong>Mi estancia en Ecuador: cinco a\u00f1os que me han cambiado.<\/strong><\/h3>\n\n\n\n<p>Cuando hablo de Ecuador, hablo de mi segundo hogar. Este pa\u00eds me ha marcado m\u00e1s que cualquier otro lugar del mundo.<\/p>\n\n\n\n<p>Ecuador es un pa\u00eds lleno de contrastes: selva, costa, monta\u00f1as, tradiciones ind\u00edgenas y metr\u00f3polis modernas. A esto se suma una alegr\u00eda de vivir que es dif\u00edcil de expresar con palabras.<\/p>\n\n\n\n<p>Durante los m\u00e1s de cinco a\u00f1os que pas\u00e9 all\u00ed, aprend\u00ed lo siguiente:<\/p>\n\n\n\n<h3 class=\"wp-block-heading\"><strong>La capacidad de mantener la calma y no desanimarse ante los contratiempos.<\/strong><\/h3>\n\n\n\n<p>Las personas de all\u00ed tienen una capacidad impresionante para lidiar con los desaf\u00edos. Menos ajetreo. M\u00e1s confianza. Viven m\u00e1s el momento.<\/p>\n\n\n\n<h3 class=\"wp-block-heading\"><strong>Se trata de comunidad y cohesi\u00f3n.<\/strong><\/h3>\n\n\n\n<p>Familia, amigos y vecinos: las relaciones no son un detalle secundario, sino que constituyen el n\u00facleo de la vida cotidiana.<\/p>\n\n\n\n<h3 class=\"wp-block-heading\"><strong>Improvisaci\u00f3n y creatividad<\/strong><\/h3>\n\n\n\n<p>Los ecuatorianos encuentran soluciones, incluso cuando los recursos son escasos. Esta creatividad ha reforzado mi pragmatismo.<\/p>\n\n\n\n<h3 class=\"wp-block-heading\"><strong>La naturaleza como identidad<\/strong><\/h3>\n\n\n\n<p>Ya sea en la costa, en los Andes o en la Amazon\u00eda, la naturaleza marca la forma de pensar de las personas. No se vive al lado de la naturaleza, sino con ella.<\/p>\n\n\n\n<p>Ecuador me ha ense\u00f1ado lo que realmente importa, es decir, que hay que enfocarse en las personas, el tiempo, el respeto, el valor y la capacidad de abrirse a lo nuevo.<\/p>\n\n\n\n<h3 class=\"wp-block-heading\"><strong>Lo que no hay aqu\u00ed<\/strong><\/h3>\n\n\n\n<p>Este sitio web es privado, y as\u00ed debe seguir siendo. Por eso aqu\u00ed hay:<\/p>\n\n\n\n<ul class=\"wp-block-list\">\n<li>No utilices fotos robadas de Internet.<\/li>\n\n\n\n<li>ning\u00fan trabajo de otras personas<\/li>\n\n\n\n<li>ning\u00fan contenido que contravenga la protecci\u00f3n de menores<\/li>\n\n\n\n<li>No se aceptar\u00e1n contribuciones que violen el principio de igualdad de todas las personas.<\/li>\n\n\n\n<li>No se permiten descargas ni enlaces que infrinjan la legislaci\u00f3n vigente.<\/li>\n\n\n\n<li>Sin publicidad ni referencias comerciales.<\/li>\n<\/ul>\n\n\n\n<p>Quiero gestionar un sitio web aut\u00e9ntico y honesto. Sin \u00e1nimo de lucro y sin intereses ocultos. Simplemente un lugar que refleje mis experiencias.<\/p>\n\n\n\n<h3 class=\"wp-block-heading\"><strong>\u00bfY qu\u00e9 estoy buscando?<\/strong><\/h3>\n\n\n\n<p>Siempre estoy buscando proyectos interesantes, ya sea en l\u00ednea o fuera de l\u00ednea. A continuaci\u00f3n, encontrar\u00e1s un breve perfil de mis actividades hasta la fecha.<\/p>\n\n\n\n<p>Si tiene alg\u00fan trabajo para m\u00ed, ya sea a corto o largo plazo, no dude en ponerse en contacto conmigo a trav\u00e9s del formulario de contacto de esta p\u00e1gina.<\/p>\n\n\n\n<p>Tambi\u00e9n me alegra recibir correos electr\u00f3nicos de amigos de todo el mundo.<\/p>\n\n\n\n<p>A trav\u00e9s de mis viajes he aprendido lo valioso que es el intercambio cultural y me gustar\u00eda compartir esta experiencia.<\/p>\n\n\n\n<h3 class=\"wp-block-heading\"><strong>Mi lema personal<\/strong><\/h3>\n\n\n\n<p>S\u00ed, tengo uno. Y me acompa\u00f1a desde hace muchos a\u00f1os:<\/p>\n\n\n\n<h3 class=\"wp-block-heading\"><strong>\u00abQuien no cuestiona nada, no examina nada\u00bb.<\/strong><\/h3>\n\n\n\n<p>Esta frase no solo describe mi forma de pensar. Es parte de mi identidad.<\/p>\n\n\n\n<h3 class=\"wp-block-heading\"><strong>\u00bfDe d\u00f3nde viene el nombre \u00abEl Lobo\u00bb?<\/strong><\/h3>\n\n\n\n<p>El nombre proviene de una \u00e9poca en la que trabajaba duro para borrar las huellas de la vida de mi rostro. Es un apodo que se me ha quedado porque refleja algo de mi actitud interior: soy independiente, despierta y aut\u00f3noma.<\/p>\n\n\n\n<h3 class=\"wp-block-heading\"><strong>Por cierto\u2026<\/strong><\/h3>\n\n\n\n<p>Si est\u00e1n pensando en emigrar a Ecuador, sin duda tengo algunos consejos y sugerencias para ustedes. Solo tienen que escribirme. Conozco el pa\u00eds, sus oportunidades, sus retos y sus particularidades. Estar\u00e9 encantado de compartir mis conocimientos.<\/p>\n\n\n\n<h3 class=\"wp-block-heading\"><strong>Qui\u00e9n soy hoy<\/strong><\/h3>\n\n\n\n<ul class=\"wp-block-list\">\n<li>Soy Ben Delarosa.<\/li>\n\n\n\n<li>Autodidacta. Pragm\u00e1tico. Ciudadano del mundo. Aprendiz de cultura. Hacedor.<\/li>\n\n\n\n<li>Soy una persona que siempre empieza de nuevo, que mantiene la curiosidad y no teme tomar caminos que no todos toman.<\/li>\n\n\n\n<li>Este sitio web es una peque\u00f1a ventana a mi vida, y sigue creciendo.<\/li>\n<\/ul>\n","protected":false},"excerpt":{"rendered":"<p>Ben Delarosa En bendelarosa.com descubrir\u00e1s todo sobre Ben Delarosa, un autodidacta y pragm\u00e1tico, as\u00ed como sus experiencias en Ecuador y otros pa\u00edses que le han marcado. Ben Delarosa: autodidacta, pragm\u00e1tico y estudioso de las culturas. \u00bfQu\u00e9 hay aqu\u00ed realmente? En este sitio web, bendelarosa.com, podr\u00e1s conocer a Ben Delarosa, un autodidacta y pragm\u00e1tico, as\u00ed como&#8230;<\/p>\n","protected":false},"author":1,"featured_media":0,"parent":0,"menu_order":0,"comment_status":"closed","ping_status":"closed","template":"","meta":{"_seopress_robots_primary_cat":"","_seopress_titles_title":"","_seopress_titles_desc":"","_seopress_robots_index":"","_kad_blocks_custom_css":"","_kad_blocks_head_custom_js":"","_kad_blocks_body_custom_js":"","_kad_blocks_footer_custom_js":"","_kadence_starter_templates_imported_post":false,"_kad_post_transparent":"","_kad_post_title":"","_kad_post_layout":"","_kad_post_sidebar_id":"","_kad_post_content_style":"","_kad_post_vertical_padding":"","_kad_post_feature":"","_kad_post_feature_position":"","_kad_post_header":false,"_kad_post_footer":false,"_kad_post_classname":"","footnotes":""},"class_list":["post-1412","page","type-page","status-publish","hentry"],"taxonomy_info":[],"featured_image_src_large":false,"author_info":{"display_name":"Ben Delarosa","author_link":"https:\/\/bendelarosa.com\/ec\/author\/cap_ec_jfk384jfurewq\/"},"comment_info":"","_links":{"self":[{"href":"https:\/\/bendelarosa.com\/ec\/wp-json\/wp\/v2\/pages\/1412","targetHints":{"allow":["GET"]}}],"collection":[{"href":"https:\/\/bendelarosa.com\/ec\/wp-json\/wp\/v2\/pages"}],"about":[{"href":"https:\/\/bendelarosa.com\/ec\/wp-json\/wp\/v2\/types\/page"}],"author":[{"embeddable":true,"href":"https:\/\/bendelarosa.com\/ec\/wp-json\/wp\/v2\/users\/1"}],"replies":[{"embeddable":true,"href":"https:\/\/bendelarosa.com\/ec\/wp-json\/wp\/v2\/comments?post=1412"}],"version-history":[{"count":8,"href":"https:\/\/bendelarosa.com\/ec\/wp-json\/wp\/v2\/pages\/1412\/revisions"}],"predecessor-version":[{"id":1433,"href":"https:\/\/bendelarosa.com\/ec\/wp-json\/wp\/v2\/pages\/1412\/revisions\/1433"}],"wp:attachment":[{"href":"https:\/\/bendelarosa.com\/ec\/wp-json\/wp\/v2\/media?parent=1412"}],"curies":[{"name":"wp","href":"https:\/\/api.w.org\/{rel}","templated":true}]}}